{"id":36,"date":"2025-04-03T12:26:35","date_gmt":"2025-04-03T12:26:35","guid":{"rendered":"https:\/\/www.codep.amir-developer.com\/?page_id=36"},"modified":"2026-05-04T12:51:06","modified_gmt":"2026-05-04T12:51:06","slug":"qui-sommes-nous","status":"publish","type":"page","link":"https:\/\/patriscope.com\/en\/qui-sommes-nous\/","title":{"rendered":"Qui sommes-nous ?"},"content":{"rendered":"<div data-elementor-type=\"wp-page\" data-elementor-id=\"36\" class=\"elementor elementor-36\" data-elementor-settings=\"{&quot;ha_cmc_init_switcher&quot;:&quot;no&quot;}\">\n\t\t\t\t<div class=\"elementor-element elementor-element-6499785 e-con-full e-flex wpr-particle-no wpr-jarallax-no wpr-parallax-no wpr-sticky-section-no wpr-column-slider-no wpr-equal-height-no e-con e-parent\" data-id=\"6499785\" data-element_type=\"container\" data-e-type=\"container\" data-settings=\"{&quot;_ha_eqh_enable&quot;:false}\">\n\t\t<div class=\"elementor-element elementor-element-9506071 e-con-full e-flex wpr-particle-no wpr-jarallax-no wpr-parallax-no wpr-sticky-section-no wpr-column-slider-no wpr-equal-height-no e-con e-child\" data-id=\"9506071\" data-element_type=\"container\" data-e-type=\"container\" data-settings=\"{&quot;background_background&quot;:&quot;classic&quot;,&quot;_ha_eqh_enable&quot;:false}\">\n\t\t\t\t<div class=\"elementor-element elementor-element-56148a3 elementor-widget-mobile__width-inherit animated-slow elementor-invisible elementor-widget elementor-widget-heading\" data-id=\"56148a3\" data-element_type=\"widget\" data-e-type=\"widget\" data-settings=\"{&quot;_animation&quot;:&quot;fadeIn&quot;}\" data-widget_type=\"heading.default\">\n\t\t\t\t<div class=\"elementor-widget-container\">\n\t\t\t\t\t<h1 class=\"elementor-heading-title elementor-size-default\">Qui sommes-nous ?<\/h1>\t\t\t\t<\/div>\n\t\t\t\t<\/div>\n\t\t\t\t<div class=\"elementor-element elementor-element-217d55a elementor-widget elementor-widget-text-editor\" data-id=\"217d55a\" data-element_type=\"widget\" data-e-type=\"widget\" data-widget_type=\"text-editor.default\">\n\t\t\t\t<div class=\"elementor-widget-container\">\n\t\t\t\t\t\t\t\t\t<p>D\u00e9couvrez l&rsquo;histoire de PATRISCOPE<\/p>\t\t\t\t\t\t\t\t<\/div>\n\t\t\t\t<\/div>\n\t\t\t\t<\/div>\n\t\t\t\t<\/div>\n\t\t<div class=\"elementor-element elementor-element-889335e e-grid e-con-boxed wpr-particle-no wpr-jarallax-no wpr-parallax-no wpr-sticky-section-no wpr-column-slider-no wpr-equal-height-no e-con e-parent\" data-id=\"889335e\" data-element_type=\"container\" data-e-type=\"container\" data-settings=\"{&quot;background_background&quot;:&quot;classic&quot;,&quot;animation&quot;:&quot;none&quot;,&quot;_ha_eqh_enable&quot;:false}\">\n\t\t\t\t\t<div class=\"e-con-inner\">\n\t\t\t\t<div class=\"elementor-element elementor-element-a7cee3e elementor-widget__width-initial elementor-invisible elementor-widget elementor-widget-ha-member happy-addon ha-member\" data-id=\"a7cee3e\" data-element_type=\"widget\" data-e-type=\"widget\" data-settings=\"{&quot;_animation&quot;:&quot;fadeInUp&quot;}\" data-widget_type=\"ha-member.default\">\n\t\t\t\t<div class=\"elementor-widget-container\">\n\t\t\t\t\t\n\t\t\t\t\t<figure class=\"ha-member-figure\">\n\t\t\t\t<img fetchpriority=\"high\" decoding=\"async\" width=\"761\" height=\"761\" src=\"https:\/\/patriscope.com\/wp-content\/uploads\/2026\/04\/Jeremy-2.webp\" class=\"elementor-animation-disable-animation attachment-full size-full wp-image-5369\" alt=\"J\u00e9r\u00e9my de PATRISCOPE\" srcset=\"https:\/\/patriscope.com\/wp-content\/uploads\/2026\/04\/Jeremy-2.webp 761w, https:\/\/patriscope.com\/wp-content\/uploads\/2026\/04\/Jeremy-2-300x300.webp 300w, https:\/\/patriscope.com\/wp-content\/uploads\/2026\/04\/Jeremy-2-150x150.webp 150w, https:\/\/patriscope.com\/wp-content\/uploads\/2026\/04\/Jeremy-2-12x12.webp 12w\" sizes=\"(max-width: 761px) 100vw, 761px\" title=\"\">\t\t\t<\/figure>\n\t\t\n\t\t<div class=\"ha-member-body\">\n\t\t\t<h3 class=\"ha-member-name\">J\u00e9r\u00e9my<\/h3>\n\t\t\t\t\t\t\t<div class=\"ha-member-position\">Co-fondateur<\/div>\n\t\t\t\n\t\t\t\t\t\t\t<div class=\"ha-member-bio\">\n\t\t\t\t\t<p>En tant qu\u2019ancien directeur de centre d\u2019affaires pour les PME et ETI, j\u2019ai accompagn\u00e9 de nombreuses entreprises au quotidien. Et un constat s\u2019est impos\u00e9 : la gestion des actifs, qu\u2019ils soient physiques ou immat\u00e9riels, est souvent mal ma\u00eetris\u00e9e.\n\n\u00c0 chaque cl\u00f4ture comptable, les \u00e9quipes passent un temps consid\u00e9rable \u00e0 rechercher, v\u00e9rifier et transmettre des informations dispers\u00e9es. Ce processus chronophage engendre erreurs, tensions et perte de visibilit\u00e9.\n\nC\u2019est en observant ces difficult\u00e9s r\u00e9currentes qu'est venue l'id\u00e9e de Patriscope.<\/p>\n\t\t\t\t<\/div>\n\t\t\t\n\t\t\t\n\t\t\t\t\t\t\t<div class=\"ha-member-links\">\n\t\t\t\t\t<a target=\"_blank\" rel=\"noopener\" href=\"https:\/\/www.linkedin.com\/in\/j%C3%A9r%C3%A9my-joly-450b215b\/\" class=\"elementor-repeater-item-cb2b5ad\"><i class=\"fa fa-linkedin fab\" aria-hidden=\"true\"><\/i><\/a>\t\t\t\t<\/div>\n\t\t\t\n\t\t\t\t\t<\/div>\n\t\t\t\t\t\t<\/div>\n\t\t\t\t<\/div>\n\t\t\t\t<div class=\"elementor-element elementor-element-803632a elementor-widget__width-initial elementor-invisible elementor-widget elementor-widget-ha-member happy-addon ha-member\" data-id=\"803632a\" data-element_type=\"widget\" data-e-type=\"widget\" data-settings=\"{&quot;_animation&quot;:&quot;fadeInUp&quot;}\" data-widget_type=\"ha-member.default\">\n\t\t\t\t<div class=\"elementor-widget-container\">\n\t\t\t\t\t\n\t\t\t\t\t<figure class=\"ha-member-figure\">\n\t\t\t\t<img decoding=\"async\" width=\"2360\" height=\"2360\" src=\"https:\/\/patriscope.com\/wp-content\/uploads\/2026\/04\/Mehdi-1.webp\" class=\"elementor-animation-disable-animation attachment-full size-full wp-image-5370\" alt=\"Mehdi de PATRISCOPE\" srcset=\"https:\/\/patriscope.com\/wp-content\/uploads\/2026\/04\/Mehdi-1.webp 2360w, https:\/\/patriscope.com\/wp-content\/uploads\/2026\/04\/Mehdi-1-300x300.webp 300w, https:\/\/patriscope.com\/wp-content\/uploads\/2026\/04\/Mehdi-1-1024x1024.webp 1024w, https:\/\/patriscope.com\/wp-content\/uploads\/2026\/04\/Mehdi-1-150x150.webp 150w, https:\/\/patriscope.com\/wp-content\/uploads\/2026\/04\/Mehdi-1-768x768.webp 768w, https:\/\/patriscope.com\/wp-content\/uploads\/2026\/04\/Mehdi-1-1536x1536.webp 1536w, https:\/\/patriscope.com\/wp-content\/uploads\/2026\/04\/Mehdi-1-2048x2048.webp 2048w, https:\/\/patriscope.com\/wp-content\/uploads\/2026\/04\/Mehdi-1-12x12.webp 12w\" sizes=\"(max-width: 2360px) 100vw, 2360px\" title=\"\">\t\t\t<\/figure>\n\t\t\n\t\t<div class=\"ha-member-body\">\n\t\t\t<h3 class=\"ha-member-name\">Mehdi<\/h3>\n\t\t\t\t\t\t\t<div class=\"ha-member-position\">Co-fondateur<\/div>\n\t\t\t\n\t\t\t\t\t\t\t<div class=\"ha-member-bio\">\n\t\t\t\t\t<p>Apr\u00e8s 15 ans d\u2019exp\u00e9rience dans les logiciels EAM et les solutions ESM chez Altran et Matrix42, j\u2019ai d\u2019abord imagin\u00e9 une solution pour g\u00e9rer plus facilement mes propres actifs, face \u00e0 une r\u00e9alit\u00e9 trop souvent complexe et chronophage. Lors d\u2019une discussion avec J\u00e9r\u00e9my, le besoin est rapidement apparu \u00e9vident : cette solution pouvait \u00eatre adapt\u00e9e aux entreprises. Nous avons d\u00e9cid\u00e9 de nous associer afin de d\u00e9velopper une plateforme compl\u00e8te, pour accompagner les organisations dans la gestion de leurs actifs.<\/p>\n\t\t\t\t<\/div>\n\t\t\t\n\t\t\t\n\t\t\t\t\t\t\t<div class=\"ha-member-links\">\n\t\t\t\t\t<a target=\"_blank\" rel=\"noopener\" href=\"https:\/\/www.linkedin.com\/in\/mehdi-selma-924a03155\/\" class=\"elementor-repeater-item-cb2b5ad\"><i class=\"fa fa-linkedin fab\" aria-hidden=\"true\"><\/i><\/a>\t\t\t\t<\/div>\n\t\t\t\n\t\t\t\t\t<\/div>\n\t\t\t\t\t\t<\/div>\n\t\t\t\t<\/div>\n\t\t\t\t\t<\/div>\n\t\t\t\t<\/div>\n\t\t<div class=\"elementor-element elementor-element-ce2fc8f e-flex e-con-boxed wpr-particle-no wpr-jarallax-no wpr-parallax-no wpr-sticky-section-no wpr-column-slider-no wpr-equal-height-no e-con e-parent\" data-id=\"ce2fc8f\" data-element_type=\"container\" data-e-type=\"container\" data-settings=\"{&quot;background_background&quot;:&quot;classic&quot;,&quot;_ha_eqh_enable&quot;:false}\">\n\t\t\t\t\t<div class=\"e-con-inner\">\n\t\t<div class=\"elementor-element elementor-element-3950f54 e-con-full e-flex wpr-particle-no wpr-jarallax-no wpr-parallax-no wpr-sticky-section-no wpr-column-slider-no wpr-equal-height-no e-con e-child\" data-id=\"3950f54\" data-element_type=\"container\" data-e-type=\"container\" data-settings=\"{&quot;_ha_eqh_enable&quot;:false}\">\n\t\t\t\t<div class=\"elementor-element elementor-element-0096f3e elementor-widget__width-inherit elementor-widget elementor-widget-heading\" data-id=\"0096f3e\" data-element_type=\"widget\" data-e-type=\"widget\" data-widget_type=\"heading.default\">\n\t\t\t\t<div class=\"elementor-widget-container\">\n\t\t\t\t\t<h3 class=\"elementor-heading-title elementor-size-default\">Une vision compl\u00e9mentaire<\/h3>\t\t\t\t<\/div>\n\t\t\t\t<\/div>\n\t\t\t\t<div class=\"elementor-element elementor-element-b1e3751 elementor-widget elementor-widget-text-editor\" data-id=\"b1e3751\" data-element_type=\"widget\" data-e-type=\"widget\" data-widget_type=\"text-editor.default\">\n\t\t\t\t<div class=\"elementor-widget-container\">\n\t\t\t\t\t\t\t\t\t<blockquote><p>Nous avons cr\u00e9\u00e9 une plateforme pens\u00e9e pour les organisations \u00e0 taille humaine, avec la conviction qu\u2019elles m\u00e9ritent une solution aussi agile et efficace que les grandes structures. Notre mission est d\u2019accompagner les entreprises dans la gestion de leurs actifs afin qu\u2019elles puissent ma\u00eetriser leurs budgets et optimiser leurs processus internes.<\/p><\/blockquote>\t\t\t\t\t\t\t\t<\/div>\n\t\t\t\t<\/div>\n\t\t\t\t<\/div>\n\t\t\t\t\t<\/div>\n\t\t\t\t<\/div>\n\t\t\t\t<\/div>","protected":false},"excerpt":{"rendered":"<p>Qui sommes-nous ? D\u00e9couvrez l&rsquo;histoire de PATRISCOPE J\u00e9r\u00e9my Co-fondateur En tant qu\u2019ancien directeur de centre d\u2019affaires pour les PME et ETI, j\u2019ai accompagn\u00e9 de nombreuses entreprises au quotidien. Et un constat s\u2019est impos\u00e9 : la gestion des actifs, qu\u2019ils soient physiques ou immat\u00e9riels, est souvent mal ma\u00eetris\u00e9e. \u00c0 chaque cl\u00f4ture comptable, les \u00e9quipes passent un temps consid\u00e9rable \u00e0 rechercher, v\u00e9rifier et transmettre des informations dispers\u00e9es. Ce processus chronophage engendre erreurs, tensions et perte de visibilit\u00e9. C\u2019est en observant ces difficult\u00e9s r\u00e9currentes qu&rsquo;est venue l&rsquo;id\u00e9e de Patriscope. Mehdi Co-fondateur Apr\u00e8s 15 ans d\u2019exp\u00e9rience dans les logiciels EAM et les solutions ESM chez Altran et Matrix42, j\u2019ai d\u2019abord imagin\u00e9 une solution pour g\u00e9rer plus facilement mes propres actifs, face \u00e0 une r\u00e9alit\u00e9 trop souvent complexe et chronophage. Lors d\u2019une discussion avec J\u00e9r\u00e9my, le besoin est rapidement apparu \u00e9vident : cette solution pouvait \u00eatre adapt\u00e9e aux entreprises. Nous avons d\u00e9cid\u00e9 de nous associer afin de d\u00e9velopper une plateforme compl\u00e8te, pour accompagner les organisations dans la gestion de leurs actifs. Une vision compl\u00e9mentaire Nous avons cr\u00e9\u00e9 une plateforme pens\u00e9e pour les organisations \u00e0 taille humaine, avec la conviction qu\u2019elles m\u00e9ritent une solution aussi agile et efficace que les grandes structures. Notre mission est d\u2019accompagner les entreprises dans la gestion de leurs actifs afin qu\u2019elles puissent ma\u00eetriser leurs budgets et optimiser leurs processus internes.<\/p>","protected":false},"author":1,"featured_media":0,"parent":0,"menu_order":0,"comment_status":"closed","ping_status":"closed","template":"","meta":{"site-sidebar-layout":"no-sidebar","site-content-layout":"","ast-site-content-layout":"full-width-container","site-content-style":"default","site-sidebar-style":"default","ast-global-header-display":"","ast-banner-title-visibility":"","ast-main-header-display":"","ast-hfb-above-header-display":"","ast-hfb-below-header-display":"","ast-hfb-mobile-header-display":"","site-post-title":"disabled","ast-breadcrumbs-content":"","ast-featured-img":"disabled","footer-sml-layout":"","ast-disable-related-posts":"","theme-transparent-header-meta":"","adv-header-id-meta":"","stick-header-meta":"","header-above-stick-meta":"","header-main-stick-meta":"","header-below-stick-meta":"","astra-migrate-meta-layouts":"default","ast-page-background-enabled":"default","ast-page-background-meta":{"desktop":{"background-color":"var(--ast-global-color-4)","background-image":"","background-repeat":"repeat","background-position":"center center","background-size":"auto","background-attachment":"scroll","background-type":"","background-media":"","overlay-type":"","overlay-color":"","overlay-opacity":"","overlay-gradient":""},"tablet":{"background-color":"","background-image":"","background-repeat":"repeat","background-position":"center center","background-size":"auto","background-attachment":"scroll","background-type":"","background-media":"","overlay-type":"","overlay-color":"","overlay-opacity":"","overlay-gradient":""},"mobile":{"background-color":"","background-image":"","background-repeat":"repeat","background-position":"center center","background-size":"auto","background-attachment":"scroll","background-type":"","background-media":"","overlay-type":"","overlay-color":"","overlay-opacity":"","overlay-gradient":""}},"ast-content-background-meta":{"desktop":{"background-color":"var(--ast-global-color-5)","background-image":"","background-repeat":"repeat","background-position":"center center","background-size":"auto","background-attachment":"scroll","background-type":"","background-media":"","overlay-type":"","overlay-color":"","overlay-opacity":"","overlay-gradient":""},"tablet":{"background-color":"var(--ast-global-color-5)","background-image":"","background-repeat":"repeat","background-position":"center center","background-size":"auto","background-attachment":"scroll","background-type":"","background-media":"","overlay-type":"","overlay-color":"","overlay-opacity":"","overlay-gradient":""},"mobile":{"background-color":"var(--ast-global-color-5)","background-image":"","background-repeat":"repeat","background-position":"center center","background-size":"auto","background-attachment":"scroll","background-type":"","background-media":"","overlay-type":"","overlay-color":"","overlay-opacity":"","overlay-gradient":""}},"footnotes":""},"class_list":["post-36","page","type-page","status-publish","hentry"],"_links":{"self":[{"href":"https:\/\/patriscope.com\/en\/wp-json\/wp\/v2\/pages\/36","targetHints":{"allow":["GET"]}}],"collection":[{"href":"https:\/\/patriscope.com\/en\/wp-json\/wp\/v2\/pages"}],"about":[{"href":"https:\/\/patriscope.com\/en\/wp-json\/wp\/v2\/types\/page"}],"author":[{"embeddable":true,"href":"https:\/\/patriscope.com\/en\/wp-json\/wp\/v2\/users\/1"}],"replies":[{"embeddable":true,"href":"https:\/\/patriscope.com\/en\/wp-json\/wp\/v2\/comments?post=36"}],"version-history":[{"count":186,"href":"https:\/\/patriscope.com\/en\/wp-json\/wp\/v2\/pages\/36\/revisions"}],"predecessor-version":[{"id":5619,"href":"https:\/\/patriscope.com\/en\/wp-json\/wp\/v2\/pages\/36\/revisions\/5619"}],"wp:attachment":[{"href":"https:\/\/patriscope.com\/en\/wp-json\/wp\/v2\/media?parent=36"}],"curies":[{"name":"wp","href":"https:\/\/api.w.org\/{rel}","templated":true}]}}